{"id":3614,"date":"2026-01-16T19:01:26","date_gmt":"2026-01-16T17:01:26","guid":{"rendered":"https:\/\/www.pennihaat.net\/penni\/?post_type=product&#038;p=3614"},"modified":"2026-02-05T16:29:23","modified_gmt":"2026-02-05T14:29:23","slug":"naytos-to-16-7-2026-klo-1800","status":"publish","type":"product","link":"https:\/\/www.pennihaat.net\/penni\/shop\/kesa-2026\/naytos-to-16-7-2026-klo-1800\/","title":{"rendered":"N\u00e4yt\u00f6s to 16.7.2026 klo 18:00"},"content":{"rendered":"<p>AISAM\u00c4EN KES\u00c4TEATTERI<\/p>\n<p>Nettivaraus sulkeutuu 1h ennen n\u00e4yt\u00f6ksen alkua. Saavuttehan portille viimeist\u00e4\u00e4n 30 min ennen n\u00e4yt\u00f6ksen alkua.<br \/>\nMaksutapa: k\u00e4teinen \/ kortti<\/p>\n","protected":false},"excerpt":{"rendered":"<p><strong>Yli 10 hengen lippuvaraukset vain puhelimitse 040 778 9533<\/strong><\/p>\n","protected":false},"featured_media":3519,"template":"","meta":[],"product_brand":[],"product_cat":[114],"product_tag":[],"class_list":{"0":"post-3614","1":"product","2":"type-product","3":"status-publish","4":"has-post-thumbnail","6":"product_cat-kesa-2026","8":"first","9":"instock","10":"shipping-taxable","11":"purchasable","12":"product-type-variable"},"_links":{"self":[{"href":"https:\/\/www.pennihaat.net\/penni\/wp-json\/wp\/v2\/product\/3614","targetHints":{"allow":["GET"]}}],"collection":[{"href":"https:\/\/www.pennihaat.net\/penni\/wp-json\/wp\/v2\/product"}],"about":[{"href":"https:\/\/www.pennihaat.net\/penni\/wp-json\/wp\/v2\/types\/product"}],"wp:featuredmedia":[{"embeddable":true,"href":"https:\/\/www.pennihaat.net\/penni\/wp-json\/wp\/v2\/media\/3519"}],"wp:attachment":[{"href":"https:\/\/www.pennihaat.net\/penni\/wp-json\/wp\/v2\/media?parent=3614"}],"wp:term":[{"taxonomy":"product_brand","embeddable":true,"href":"https:\/\/www.pennihaat.net\/penni\/wp-json\/wp\/v2\/product_brand?post=3614"},{"taxonomy":"product_cat","embeddable":true,"href":"https:\/\/www.pennihaat.net\/penni\/wp-json\/wp\/v2\/product_cat?post=3614"},{"taxonomy":"product_tag","embeddable":true,"href":"https:\/\/www.pennihaat.net\/penni\/wp-json\/wp\/v2\/product_tag?post=3614"}],"curies":[{"name":"wp","href":"https:\/\/api.w.org\/{rel}","templated":true}]}}