{"id":2880,"date":"2019-10-20T13:12:51","date_gmt":"2019-10-20T13:12:51","guid":{"rendered":"https:\/\/www.pennihaat.net\/penni\/?post_type=product&#038;p=2880"},"modified":"2026-02-05T19:30:20","modified_gmt":"2026-02-05T17:30:20","slug":"ensi-ilta-to-2-7-2026-klo-1800","status":"publish","type":"product","link":"https:\/\/www.pennihaat.net\/penni\/shop\/kesa-2026\/ensi-ilta-to-2-7-2026-klo-1800\/","title":{"rendered":"Ensi-ilta to 2.7.2026 klo 18:00"},"content":{"rendered":"<p>AISAM\u00c4EN KES\u00c4TEATTERI<\/p>\n<p>Nettivaraus sulkeutuu 1h ennen n\u00e4yt\u00f6ksen alkua. Saavuttehan portille viimeist\u00e4\u00e4n 30 min ennen n\u00e4yt\u00f6ksen alkua.<br \/>\nMaksutapa: k\u00e4teinen \/ kortti<\/p>\n","protected":false},"excerpt":{"rendered":"<p><strong>Yli 10 hengen lippuvaraukset vain puhelimitse 040 778 9533<\/strong><\/p>\n","protected":false},"featured_media":3519,"template":"","meta":[],"product_brand":[],"product_cat":[114],"product_tag":[],"class_list":{"0":"post-2880","1":"product","2":"type-product","3":"status-publish","4":"has-post-thumbnail","6":"product_cat-kesa-2026","8":"first","9":"instock","10":"shipping-taxable","11":"purchasable","12":"product-type-variable"},"_links":{"self":[{"href":"https:\/\/www.pennihaat.net\/penni\/wp-json\/wp\/v2\/product\/2880","targetHints":{"allow":["GET"]}}],"collection":[{"href":"https:\/\/www.pennihaat.net\/penni\/wp-json\/wp\/v2\/product"}],"about":[{"href":"https:\/\/www.pennihaat.net\/penni\/wp-json\/wp\/v2\/types\/product"}],"wp:featuredmedia":[{"embeddable":true,"href":"https:\/\/www.pennihaat.net\/penni\/wp-json\/wp\/v2\/media\/3519"}],"wp:attachment":[{"href":"https:\/\/www.pennihaat.net\/penni\/wp-json\/wp\/v2\/media?parent=2880"}],"wp:term":[{"taxonomy":"product_brand","embeddable":true,"href":"https:\/\/www.pennihaat.net\/penni\/wp-json\/wp\/v2\/product_brand?post=2880"},{"taxonomy":"product_cat","embeddable":true,"href":"https:\/\/www.pennihaat.net\/penni\/wp-json\/wp\/v2\/product_cat?post=2880"},{"taxonomy":"product_tag","embeddable":true,"href":"https:\/\/www.pennihaat.net\/penni\/wp-json\/wp\/v2\/product_tag?post=2880"}],"curies":[{"name":"wp","href":"https:\/\/api.w.org\/{rel}","templated":true}]}}