{"id":78,"date":"2013-08-18T12:30:42","date_gmt":"2013-08-18T12:30:42","guid":{"rendered":"http:\/\/localhost:8888\/test\/?page_id=624"},"modified":"2026-01-16T19:06:02","modified_gmt":"2026-01-16T17:06:02","slug":"etusivu","status":"publish","type":"page","link":"https:\/\/www.pennihaat.net\/penni\/","title":{"rendered":"Etusivu"},"content":{"rendered":"\n  <div class=\"banner-grid-wrapper\">\n  <div id=\"banner-grid-691767620\" class=\"banner-grid row row-grid row-collapse row-full-width\" data-packery-options=\"\">\n                      \n\n<div class=\"col grid-col small-12 large-9 grid-col-1\" data-animate=\"blurIn\"><div class=\"col-inner box-shadow-1\">\n\n<div class=\"slider-wrapper relative\" id=\"slider-1740520824\" >\n    <div class=\"slider slider-nav-circle slider-nav-large slider-nav-light slider-style-normal\"\n        data-flickity-options='{\n            \"cellAlign\": \"center\",\n            \"imagesLoaded\": true,\n            \"lazyLoad\": 1,\n            \"freeScroll\": false,\n            \"wrapAround\": true,\n            \"autoPlay\": 6000,\n            \"pauseAutoPlayOnHover\" : true,\n            \"prevNextButtons\": false,\n            \"contain\" : true,\n            \"adaptiveHeight\" : true,\n            \"dragThreshold\" : 10,\n            \"percentPosition\": true,\n            \"pageDots\": false,\n            \"rightToLeft\": false,\n            \"draggable\": false,\n            \"selectedAttraction\": 0.1,\n            \"parallax\" : 0,\n            \"friction\": 0.6        }'\n        >\n        \n\n\n  <div class=\"banner has-hover is-full-height\" id=\"banner-944254369\">\n          <div class=\"banner-inner fill\">\n        <div class=\"banner-bg fill\" >\n            <img loading=\"lazy\" decoding=\"async\" width=\"1920\" height=\"896\" src=\"https:\/\/www.pennihaat.net\/penni\/wp-content\/uploads\/2026\/01\/etusivu.jpg\" class=\"bg attachment-original size-original\" alt=\"\" \/>                                    \n\t<div class=\"is-border\"\n\t\tstyle=\"border-radius:22px;border-width:0px 0px 0px 0px;margin:0px 0px 0px 0px;\">\n\t<\/div>\n                    <\/div>\n\t\t\n        <div class=\"banner-layers container\">\n            <div class=\"fill banner-link\"><\/div>            \n\n\t<div class=\"img has-hover x50 md-x50 lg-x50 y5 md-y5 lg-y5\" id=\"image_1392920442\">\n\t\t\t\t\t\t\t\t<div class=\"img-inner dark\" >\n\t\t\t<img loading=\"lazy\" decoding=\"async\" width=\"992\" height=\"1181\" src=\"https:\/\/www.pennihaat.net\/penni\/wp-content\/uploads\/2026\/01\/Lakeuden-kutsu.jpg\" class=\"attachment-original size-original\" alt=\"\" srcset=\"https:\/\/www.pennihaat.net\/penni\/wp-content\/uploads\/2026\/01\/Lakeuden-kutsu.jpg 992w, https:\/\/www.pennihaat.net\/penni\/wp-content\/uploads\/2026\/01\/Lakeuden-kutsu-336x400.jpg 336w, https:\/\/www.pennihaat.net\/penni\/wp-content\/uploads\/2026\/01\/Lakeuden-kutsu-672x800.jpg 672w, https:\/\/www.pennihaat.net\/penni\/wp-content\/uploads\/2026\/01\/Lakeuden-kutsu-768x914.jpg 768w, https:\/\/www.pennihaat.net\/penni\/wp-content\/uploads\/2026\/01\/Lakeuden-kutsu-510x607.jpg 510w\" sizes=\"auto, (max-width: 992px) 100vw, 992px\" \/>\t\t\t\t\t\t\n\t\t\t\t\t<\/div>\n\t\t\t\t\t\t\t\t\n<style>\n#image_1392920442 {\n  width: 76%;\n}\n@media (min-width:550px) {\n  #image_1392920442 {\n    width: 60%;\n  }\n}\n@media (min-width:850px) {\n  #image_1392920442 {\n    width: 40%;\n  }\n}\n<\/style>\n\t<\/div>\n\t\n\n\n        <\/div>\n      <\/div>\n\n            \n<style>\n#banner-944254369 {\n  padding-top: 100%;\n  background-color: rgb(255, 255, 255);\n}\n#banner-944254369 .banner-bg img {\n  object-position: 50% 50%;\n}\n<\/style>\n  <\/div>\n\n\n\n     <\/div>\n\n     <div class=\"loading-spin dark large centered\"><\/div>\n\n\t<\/div>\n\n\n\n<\/div><\/div>\n<div class=\"col grid-col small-12 large-3 grid-col-1-2\" data-animate=\"none\"><div class=\"col-inner\">\n\n\n  <div class=\"banner has-hover\" id=\"banner-242812625\">\n          <div class=\"banner-inner fill\">\n        <div class=\"banner-bg fill\" >\n                                                \n\t<div class=\"is-border\"\n\t\tstyle=\"border-width:0px 0px 0px 0px;\">\n\t<\/div>\n                    <\/div>\n\t\t\n        <div class=\"banner-layers container\">\n            <div class=\"fill banner-link\"><\/div>            \n\n   <div id=\"text-box-3572520\" class=\"text-box banner-layer x50 md-x50 lg-x50 y50 md-y50 lg-y50 res-text\">\n                                <div class=\"text-box-content text dark\">\n              \n              <div class=\"text-inner text-center\">\n                  \n\n\n              <\/div>\n           <\/div>\n                            \n<style>\n#text-box-3572520 {\n  width: 60%;\n}\n#text-box-3572520 .text-box-content {\n  font-size: 100%;\n}\n<\/style>\n    <\/div>\n \n\t<div class=\"img has-hover x50 md-x50 lg-x50 y50 md-y50 lg-y50\" id=\"image_1306317473\">\n\t\t\t\t\t\t\t\t<div class=\"img-inner dark\" >\n\t\t\t<img loading=\"lazy\" decoding=\"async\" width=\"1020\" height=\"326\" src=\"https:\/\/www.pennihaat.net\/penni\/wp-content\/uploads\/2026\/01\/logo_new-1400x448.png\" class=\"attachment-large size-large\" alt=\"\" srcset=\"https:\/\/www.pennihaat.net\/penni\/wp-content\/uploads\/2026\/01\/logo_new-1400x448.png 1400w, https:\/\/www.pennihaat.net\/penni\/wp-content\/uploads\/2026\/01\/logo_new-800x256.png 800w, https:\/\/www.pennihaat.net\/penni\/wp-content\/uploads\/2026\/01\/logo_new-768x246.png 768w, https:\/\/www.pennihaat.net\/penni\/wp-content\/uploads\/2026\/01\/logo_new-510x163.png 510w, https:\/\/www.pennihaat.net\/penni\/wp-content\/uploads\/2026\/01\/logo_new.png 1536w\" sizes=\"auto, (max-width: 1020px) 100vw, 1020px\" \/>\t\t\t\t\t\t\n\t\t\t\t\t<\/div>\n\t\t\t\t\t\t\t\t\n<style>\n#image_1306317473 {\n  width: 100%;\n}\n<\/style>\n\t<\/div>\n\t\n\n\n        <\/div>\n      <\/div>\n\n              <div class=\"height-fix is-invisible\"><\/div>\n            \n<style>\n#banner-242812625 {\n  background-color: rgb(255,255,255);\n}\n<\/style>\n  <\/div>\n\n\n\n<\/div><\/div>\n<div class=\"col grid-col small-12 large-3 grid-col-1-2\" data-animate=\"none\"><div class=\"col-inner\">\n\n\n  <div class=\"banner has-hover\" id=\"banner-1083839147\">\n          <div class=\"banner-inner fill\">\n        <div class=\"banner-bg fill\" >\n                                                \n                    <\/div>\n\t\t\n        <div class=\"banner-layers container\">\n            <div class=\"fill banner-link\"><\/div>            \n\n   <div id=\"text-box-1332668448\" class=\"text-box banner-layer x50 md-x50 lg-x50 y50 md-y50 lg-y50 res-text\">\n                                <div class=\"text-box-content text dark\">\n              \n              <div class=\"text-inner text-center\">\n                  \n\n\t<div id=\"text-3253054731\" class=\"text\">\n\t\t\n\n<h4 class=\"uppercase\"><span style=\"font-size: 85%;\">Anna lahjaksi teatteriel\u00e4mys<\/span><\/h4>\n\t\t\n<style>\n#text-3253054731 {\n  font-size: 0.75rem;\n}\n@media (min-width:550px) {\n  #text-3253054731 {\n    font-size: 0.75rem;\n  }\n}\n<\/style>\n\t<\/div>\n\t\n\t<div id=\"text-2066034799\" class=\"text\">\n\t\t\n\n<p class=\"lead\"><span style=\"font-size: 85%;\">Lahjankortin voit ostaa ainoastaan puhelimitse numerosta 040 778 9533.<\/span><\/p>\n\t\t\n<style>\n#text-2066034799 {\n  font-size: 1.05rem;\n  line-height: 1.6;\n}\n@media (min-width:550px) {\n  #text-2066034799 {\n    font-size: 2.3rem;\n  }\n}\n<\/style>\n\t<\/div>\n\t\n\n              <\/div>\n           <\/div>\n                            \n<style>\n#text-box-1332668448 {\n  width: 60%;\n}\n#text-box-1332668448 .text-box-content {\n  font-size: 100%;\n}\n<\/style>\n    <\/div>\n \n\n        <\/div>\n      <\/div>\n\n            \n<style>\n#banner-1083839147 {\n  padding-top: 500px;\n}\n<\/style>\n  <\/div>\n\n\n\n<\/div><\/div>\n\n            <\/div>\n    <style>\n    #banner-grid-691767620 .grid-col-1{height: 620px}\n    #banner-grid-691767620 .grid-col-1-2{height: 310px}\n    #banner-grid-691767620 .grid-col-1-3{height:206.66666666667px}\n    #banner-grid-691767620 .grid-col-2-3{height: 413.33333333333px}\n    #banner-grid-691767620 .grid-col-1-4{height: 155px}\n    #banner-grid-691767620 .grid-col-3-4{height: 465px}\n\n\n        \/* Tablet *\/\n    @media (max-width: 850px){\n      #banner-grid-691767620 .grid-col-1{height: 500px}\n      #banner-grid-691767620 .grid-col-1-2{height: 250px}\n      #banner-grid-691767620 .grid-col-1-3{height:166.66666666667px}\n      #banner-grid-691767620 .grid-col-2-3{height: 333.33333333333px}\n      #banner-grid-691767620 .grid-col-1-4{height: 125px}\n      #banner-grid-691767620 .grid-col-3-4{height: 375px}\n    }\n    \n        \/* Mobile *\/\n    @media (max-width: 550px){\n      #banner-grid-691767620 .grid-col-1{height: 400px}\n      #banner-grid-691767620 .grid-col-1-2{height: 200px}\n      #banner-grid-691767620 .grid-col-1-3{height:133.33333333333px}\n      #banner-grid-691767620 .grid-col-2-3{height: 266.66666666667px}\n      #banner-grid-691767620 .grid-col-1-4{height: 100px}\n      #banner-grid-691767620 .grid-col-3-4{height: 300px}\n    }\n    \n\n  <\/style>\n    <\/div>\n  \n<div class=\"message-box relative dark\" style=\"padding-top:30px;padding-bottom:30px;\"><div class=\"message-box-bg-image bg-fill fill\" ><\/div><div class=\"message-box-bg-overlay bg-fill fill\" style=\"background-color:rgb(4, 4, 4);\"><\/div><div class=\"container relative\"><div class=\"inner last-reset\">\n\n<div class=\"row align-middle align-center\"  id=\"row-480400146\">\n\n\n\t<div id=\"col-158877699\" class=\"col medium-5 small-12 large-5\"  >\n\t\t\t\t<div class=\"col-inner\"  >\n\t\t\t\n\t\t\t\n\n<h3><span style=\"font-size: 85%;\"><span class=\"fancy-underline\">PER\u00c4SEIN\u00c4JOEN PENNIH\u00c4\u00c4T RY<\/span> -LIPPUVARAUS<\/span><\/h3>\n<p>T\u00e4m\u00e4n sivuston kautta voit varata liput kaikkiin n\u00e4yt\u00f6ksiin.<\/p>\n<p>\u00a0<\/p>\n\n\t\t<\/div>\n\t\t\t\t\t<\/div>\n\n\t\n\n\t<div id=\"col-793035385\" class=\"col medium-7 small-12 large-7\"  >\n\t\t\t\t<div class=\"col-inner text-center\"  >\n\t\t\t\n\t\t\t\n\n<div id=\"timer-237123710\" class=\"ux-timer dark\" data-text-plural=\"s\" data-text-hour=\"tunti\" data-text-day=\"p\u00e4iv\u00e4\" data-text-week=\"viikko\" data-text-min=\"min\" data-text-sec=\"sek\" data-text-hour-p=\"tuntia\" data-text-day-p=\"p\u00e4iv\u00e4\u00e4\" data-text-week-p=\"viikkoa\" data-text-min-p=\"min\" data-text-sec-p=\"sek\" data-countdown=\"2026\/7\/2 18:00\"><span>&nbsp;<div class=\"loading-spin dark centered\"><\/div><strong>&nbsp;<\/strong><\/span><\/div>\n<style>\n#timer-237123710 {\n  font-size: 176%;\n}\n<\/style>\n\n\n<p><strong>Ensi-iltaan aikaa<\/strong><\/p>\n\n\t\t<\/div>\n\t\t\t\t\t<\/div>\n\n\t\n\n<\/div>\n\n<\/div><\/div><\/div>\n            <div class=\"row\"><div class=\"large-12 col\">\n          <div style=\"background-color:#FFF;\" class=\"slider flipContainer slider-nav-circle slide box-shadow-2\"\n            data-flickity-options='{\n              \"cellAlign\": \"center\",\n              \"wrapAround\": true,\n              \"percentPosition\": true,\n              \"imagesLoaded\": true,\n              \"pageDots\": true,\n              \"contain\": true\n          }'>\n                        <div class=\"slide\" style=\"background-color:#FFF;\">  <div class=\"row row-collapse align-middle flip-slide\" style=\"width:100%\">\n        <div class=\"large-6 col flip-page-one\">\n        <div class=\"featured-product col-inner\">\n          <a href=\"https:\/\/www.pennihaat.net\/penni\/shop\/kesa-2026\/ensi-ilta-to-2-7-2026-klo-1800\/\">\n                <div class=\"product-image relative\">\n                   <div class=\"front-image\">\n                    <img loading=\"lazy\" decoding=\"async\" width=\"510\" height=\"607\" src=\"https:\/\/www.pennihaat.net\/penni\/wp-content\/uploads\/2026\/01\/Lakeuden-kutsu-510x607.jpg\" class=\"attachment-woocommerce_single size-woocommerce_single wp-post-image\" alt=\"\" srcset=\"https:\/\/www.pennihaat.net\/penni\/wp-content\/uploads\/2026\/01\/Lakeuden-kutsu-510x607.jpg 510w, https:\/\/www.pennihaat.net\/penni\/wp-content\/uploads\/2026\/01\/Lakeuden-kutsu-336x400.jpg 336w, https:\/\/www.pennihaat.net\/penni\/wp-content\/uploads\/2026\/01\/Lakeuden-kutsu-672x800.jpg 672w, https:\/\/www.pennihaat.net\/penni\/wp-content\/uploads\/2026\/01\/Lakeuden-kutsu-768x914.jpg 768w, https:\/\/www.pennihaat.net\/penni\/wp-content\/uploads\/2026\/01\/Lakeuden-kutsu.jpg 992w\" sizes=\"auto, (max-width: 510px) 100vw, 510px\" \/>                  <\/div>\n                  \n<div class=\"badge-container absolute left top z-1\">\n\n<\/div>\n                <\/div>\n          <\/a>\n        <\/div>\n        <\/div>\n       <div class=\"large-6 col flip-page-two\">\n        <div class=\"product-info col-inner inner-padding\">\n              <h1 class=\"entry-title\"><a href=\"https:\/\/www.pennihaat.net\/penni\/shop\/kesa-2026\/ensi-ilta-to-2-7-2026-klo-1800\/\">Ensi-ilta to 2.7.2026 klo 18:00<\/a><\/h1>\n              <div class=\"is-divider medium\"><\/div>\n              <div class=\"price-wrapper\">\n\t<p class=\"price product-page-price \">\n  <span class=\"woocommerce-Price-amount amount\" aria-hidden=\"true\"><bdi>0,00&nbsp;<span class=\"woocommerce-Price-currencySymbol\">&euro;<\/span><\/bdi><\/span> <span aria-hidden=\"true\">&ndash;<\/span> <span class=\"woocommerce-Price-amount amount\" aria-hidden=\"true\"><bdi>25,00&nbsp;<span class=\"woocommerce-Price-currencySymbol\">&euro;<\/span><\/bdi><\/span><span class=\"screen-reader-text\">Hintaluokka: 0,00&nbsp;&euro; - 25,00&nbsp;&euro;<\/span><\/p>\n<\/div>\n<div class=\"product-short-description\">\n\t<p><strong>Yli 10 hengen lippuvaraukset vain puhelimitse 040 778 9533<\/strong><\/p>\n<\/div>\n<div class=\"product_meta\">\n\n\t\n\t\n\t\t<span class=\"sku_wrapper\">Tuotetunnus (SKU): <span class=\"sku\">1001<\/span><\/span>\n\n\t\n\t<span class=\"posted_in\">Osasto: <a href=\"https:\/\/www.pennihaat.net\/penni\/tuote\/kesa-2026\/\" rel=\"tag\">Kes\u00e4 2026<\/a><\/span>\n\t\n\t\n<\/div>\n              <a href=\"https:\/\/www.pennihaat.net\/penni\/shop\/kesa-2026\/ensi-ilta-to-2-7-2026-klo-1800\/\" class=\"button\">Lue lis\u00e4\u00e4<\/a>\n         <\/div>\n        <\/div>\n<\/div>\n<\/div>\n                    <\/div>\n          <\/div><\/div>\n          \n\n\n","protected":false},"excerpt":{"rendered":"","protected":false},"author":1,"featured_media":0,"parent":0,"menu_order":7,"comment_status":"closed","ping_status":"closed","template":"page-blank.php","meta":{"footnotes":""},"class_list":["post-78","page","type-page","status-publish","hentry"],"_links":{"self":[{"href":"https:\/\/www.pennihaat.net\/penni\/wp-json\/wp\/v2\/pages\/78","targetHints":{"allow":["GET"]}}],"collection":[{"href":"https:\/\/www.pennihaat.net\/penni\/wp-json\/wp\/v2\/pages"}],"about":[{"href":"https:\/\/www.pennihaat.net\/penni\/wp-json\/wp\/v2\/types\/page"}],"author":[{"embeddable":true,"href":"https:\/\/www.pennihaat.net\/penni\/wp-json\/wp\/v2\/users\/1"}],"replies":[{"embeddable":true,"href":"https:\/\/www.pennihaat.net\/penni\/wp-json\/wp\/v2\/comments?post=78"}],"version-history":[{"count":313,"href":"https:\/\/www.pennihaat.net\/penni\/wp-json\/wp\/v2\/pages\/78\/revisions"}],"predecessor-version":[{"id":3624,"href":"https:\/\/www.pennihaat.net\/penni\/wp-json\/wp\/v2\/pages\/78\/revisions\/3624"}],"wp:attachment":[{"href":"https:\/\/www.pennihaat.net\/penni\/wp-json\/wp\/v2\/media?parent=78"}],"curies":[{"name":"wp","href":"https:\/\/api.w.org\/{rel}","templated":true}]}}